{"id":62,"date":"2024-01-26T11:06:21","date_gmt":"2024-01-26T10:06:21","guid":{"rendered":"https:\/\/kubawojcik.com\/en\/?page_id=62"},"modified":"2025-10-08T22:12:19","modified_gmt":"2025-10-08T20:12:19","slug":"concerts","status":"publish","type":"page","link":"https:\/\/kubawojcik.com\/en\/concerts\/","title":{"rendered":"Concerts"},"content":{"rendered":"\n<p>31.05. Festiwal Otwarte Ogrody, Podkowa Le\u015bna &#8211; Minim solo<br><br>11.06. JazzState &#8211; Klub SPATiF, Warszawa &#8211; W\u00f3jcik \/ Kara\u0142ow \/ Zemler<br><br>17.07. Klub Aquarium, Bielsko-Bia\u0142a &#8211; Minim solo <br><br>02-24.08. UNCOOL Artist Residency, Szwajcaria<br><br>23.08. Poschiavo, Szwajcaria &#8211; Kuba W\u00f3jcik feat. Alicja Chmielewska<br><br>26.08. Noseland \/ Aarau, Szwajcaria &#8211; Kuba W\u00f3jcik feat. Dominik Lipp<br><br>13.10. Plakaton, Warszawa &#8211; W\u00f3jcik \/ Kara\u0142ow \/ Zemler<br><br>29.10. JazzState &#8211; Klub SPATiF, Warszawa &#8211; W\u00f3jcik \/ \u015awi\u0119s \/ Szma\u0144da<br><br>18.11. TBA, Szczecin<\/p>\n\n\n\n<p>&#8212;&#8212;&#8212;&#8212;&#8212;&#8212;&#8212;&#8212;&#8212;&#8212;&#8212;&#8212;&#8212;&#8212;&#8212;&#8212;&#8212;&#8212;&#8212;&#8212;&#8212;&#8212;-<br>2024:<\/p>\n\n\n\n<p><br>16.03. CKiO, Podkowa Le\u015bna &#8211; Mad Ship, \u201eTime Shift\u201d album concert premiere<\/p>\n\n\n\n<p>03.04. Klub SPATiF, Warszawa \u2013 Mad Ship, \u201eTime Shift\u201d album concert premiere<\/p>\n\n\n\n<p>12.04. NFM &#8211; Musica Polonica Nova, Wroc\u0142aw &#8211; Kuba W\u00f3jcik \/ Piotr Damasiewicz \u201eKrew\u201d<\/p>\n\n\n\n<p>13.04. NFM &#8211; Musica Polonica Nova, Wroc\u0142aw &#8211; Kuba W\u00f3jcik \/ Piotr Damasiewicz \u201eKrew\u201d &#8211; installation art<\/p>\n\n\n\n<p>16.04. The Piano Man, Safdarjung, Indie \u2013 Kuba W\u00f3jcik \/ Piotr Damasiewicz Duo \u2013 Jazz Po Polsku<\/p>\n\n\n\n<p>17.04. The Piano Man, Gurugram, Indie \u2013 Kuba W\u00f3jcik \/ Piotr Damasiewicz Quartet- Jazz Po Polsku<\/p>\n\n\n\n<p>18.04. The Piano Man, New Delhi, Indie \u2013 Kuba W\u00f3jcik \/ Piotr Damasiewicz Quartet- Jazz Po Polsku<\/p>\n\n\n\n<p>19.04. The Flying Goat, Goa, Indie \u2013 Kuba W\u00f3jcik \/ Piotr Damasiewicz Quartet- Jazz Po Polsku<\/p>\n\n\n\n<p>20.04. Skinny Mo\u2019s Jazz Club, Kolkata, Indie \u2013 Kuba W\u00f3jcik \/ Piotr Damasiewicz Quartet\u2013 Jazz Po Polsku<\/p>\n\n\n\n<p>24.04. Skinny Mo\u2019s Jazz Club, Kolkata, Indie \u2013 Kuba W\u00f3jcik \/ Piotr Damasiewicz Collective \u2013 Jazz Po Polsku<\/p>\n\n\n\n<p>26.04. Dhaka, Bangladesz \u2013 Kuba W\u00f3jcik \/ Piotr Damasiewicz feat. Imran Ahmed Trio \u2013 Jazz Po Polsku<\/p>\n\n\n\n<p>27.04. Dhaka, Bangladesz \u2013 Kuba W\u00f3jcik \/ Piotr Damasiewicz feat. Imran Ahmed Trio \u2013 Jazz Po Polsku<\/p>\n\n\n\n<p>30.04. India Habitat Centre, New Delhi, Indie \u2013 Kuba W\u00f3jcik \/ Piotr Damasiewicz Duo \u2013 Jazz Po Polsku<\/p>\n\n\n\n<p>12.05. Jassmine, Warszawa &#8211; Mad Ship, \u201eTime Shift\u201d album concert premiere<\/p>\n\n\n\n<p>21.05. Centrum Kultury, Piaseczno &#8211; Mad Ship, \u201eTime Shift\u201d album concert premiere<\/p>\n\n\n\n<p>28.05. Proberaum Luftmensch Collective, Berlin &#8211; Kuba W\u00f3jcik \/ Piotr Damasiewicz &#8211; \u201eKrew\u201d<\/p>\n\n\n\n<p>08.06. OFFczART, Festiwal Otwarte Ogrody, Owczarnia &#8211; Amalia Umeda \/ Kuba W\u00f3jcik \/ Franek Pospieszalski &#8211; &#8220;Wooden Music&#8221;<\/p>\n\n\n\n<p>27.10. Jassmine, Warszawa, Jazz Po Polsku Festival feat. Sumanth Manjunath, Pranshu Chatur Lal, Andrzej \u015awi\u0119s, Krzysztof Szma\u0144da<br><br>18.11. Filharmonia im. M. Kar\u0142owicza w Szczecinie &#8211; Big Band with Tomasz Licak &#038; Radek Wo\u015bko<br><br>22.11. Novum Jazz Festival, \u0141om\u017ca &#8211; Kuba W\u00f3jcik Trio (feat. Andrzej \u015awi\u0119s, Hubert Zemler)<br><br>04.12. Purana Qila Art Excibition \/ UNESCO, New Delhi &#8211; Kuba W\u00f3jcik Trio (feat. Rafa\u0142 R\u00f3\u017calski, Aditya Bhagavatula)<br><br>04.12. The Piano Man, New Delhi &#8211; Kuba W\u00f3jcik Trio (feat. Rafa\u0142 R\u00f3\u017calski, Aditya Bhagavatula)<br><br>05.12. The Piano Man, Safdarjung &#8211; Kuba W\u00f3jcik Trio (feat. Rafa\u0142 R\u00f3\u017calski, Aditya Bhagavatula)<br><br>06.12. The Piano Man, Gurugram &#8211; Kuba W\u00f3jcik Trio (feat. Rafa\u0142 R\u00f3\u017calski, Aditya Bhagavatula)<br><br>12.12. The Calcutta School of Music &#8211; Kuba W\u00f3jcik Trio (feat. Rafa\u0142 R\u00f3\u017calski, Aditya Bhagavatula)<br><br>13.12. Kolkata Jazz Festival &#8211; Kuba W\u00f3jcik Trio (feat. Rafa\u0142 R\u00f3\u017calski, Aditya Bhagavatula)<br><br>14.12. The Flying Goat Jazz Club, Goa &#8211; Kuba W\u00f3jcik Trio (feat. Rafa\u0142 R\u00f3\u017calski, Karan Chitra Deshmukh)<br><br>15.12. Serendipity Arts Festival, Panjim &#8211; Kuba W\u00f3jcik Trio (feat. Rafa\u0142 R\u00f3\u017calski, Karan Chitra Deshmukh)<\/p>\n\n\n\n<p><\/p>\n\n\n\n<p class=\"has-text-align-center\">&#8212;&#8212;&#8212;&#8212;&#8212;&#8212;&#8212;&#8212;&#8212;&#8212;&#8212;&#8212;&#8212;&#8212;&#8212;&#8212;&#8212;&#8212;&#8212;&#8211;<\/p>\n","protected":false},"excerpt":{"rendered":"<p>31.05. Festiwal Otwarte Ogrody, Podkowa Le\u015bna &#8211; Minim solo 11.06. JazzState &#8211; Klub SPATiF, Warszawa &#8211; W\u00f3jcik \/ Kara\u0142ow \/ Zemler 17.07. Klub Aquarium, Bielsko-Bia\u0142a &#8211; Minim solo 02-24.08. UNCOOL Artist Residency, Szwajcaria 23.08. Poschiavo, Szwajcaria &#8211; Kuba W\u00f3jcik feat. Alicja Chmielewska 26.08. Noseland \/ Aarau, Szwajcaria &#8211; Kuba W\u00f3jcik feat. Dominik Lipp 13.10. Plakaton, Warszawa &#8211; W\u00f3jcik \/ Kara\u0142ow \/ Zemler 29.10. JazzState &#8211; Klub SPATiF, Warszawa &#8211; W\u00f3jcik \/ \u015awi\u0119s \/ Szma\u0144da 18.11. TBA, Szczecin &#8212;&#8212;&#8212;&#8212;&#8212;&#8212;&#8212;&#8212;&#8212;&#8212;&#8212;&#8212;&#8212;&#8212;&#8212;&#8212;&#8212;&#8212;&#8212;&#8212;&#8212;&#8212;-2024: 16.03. CKiO, Podkowa Le\u015bna &#8211; Mad Ship, \u201eTime Shift\u201d album concert premiere 03.04. Klub SPATiF, Warszawa \u2013 Mad Ship, \u201eTime Shift\u201d album concert premiere 12.04. NFM &#8211; Musica Polonica Nova, Wroc\u0142aw &#8211; Kuba W\u00f3jcik \/ Piotr Damasiewicz \u201eKrew\u201d 13.04. NFM &#8211; Musica Polonica Nova, Wroc\u0142aw &#8211; Kuba W\u00f3jcik \/ Piotr Damasiewicz \u201eKrew\u201d &#8211; installation art 16.04. The Piano Man, Safdarjung, Indie \u2013 Kuba W\u00f3jcik \/ Piotr Damasiewicz Duo \u2013 Jazz Po Polsku 17.04. The Piano Man, Gurugram, Indie \u2013 Kuba W\u00f3jcik \/ Piotr Damasiewicz Quartet- Jazz Po Polsku 18.04. The Piano Man, New Delhi, Indie \u2013 Kuba W\u00f3jcik \/ Piotr Damasiewicz Quartet- Jazz Po Polsku 19.04. The Flying Goat, Goa, Indie \u2013 Kuba W\u00f3jcik \/ Piotr Damasiewicz Quartet- Jazz Po Polsku 20.04. Skinny Mo\u2019s Jazz Club, Kolkata, Indie \u2013 Kuba W\u00f3jcik \/ Piotr Damasiewicz Quartet\u2013 Jazz Po Polsku 24.04. Skinny Mo\u2019s Jazz Club, Kolkata, Indie \u2013 Kuba W\u00f3jcik \/ Piotr Damasiewicz Collective \u2013 Jazz Po Polsku 26.04. Dhaka, Bangladesz \u2013 Kuba W\u00f3jcik \/ Piotr Damasiewicz feat. Imran Ahmed Trio \u2013 Jazz Po Polsku 27.04. Dhaka, Bangladesz \u2013 Kuba W\u00f3jcik \/ Piotr Damasiewicz feat. Imran Ahmed Trio \u2013 Jazz Po Polsku 30.04. India Habitat Centre, New Delhi, Indie \u2013 Kuba W\u00f3jcik \/ Piotr Damasiewicz Duo \u2013 Jazz Po Polsku 12.05. Jassmine, Warszawa &#8211; Mad Ship, \u201eTime Shift\u201d album concert premiere 21.05. Centrum Kultury, Piaseczno &#8211; Mad Ship, \u201eTime Shift\u201d album concert premiere 28.05. Proberaum Luftmensch Collective, Berlin &#8211; Kuba W\u00f3jcik \/ Piotr Damasiewicz &#8211; \u201eKrew\u201d 08.06. OFFczART, Festiwal Otwarte Ogrody, Owczarnia &#8211; Amalia Umeda \/ Kuba W\u00f3jcik \/ Franek Pospieszalski &#8211; &#8220;Wooden Music&#8221; 27.10. Jassmine, Warszawa, Jazz Po Polsku Festival feat. Sumanth Manjunath, Pranshu Chatur Lal, Andrzej \u015awi\u0119s, Krzysztof Szma\u0144da 18.11. Filharmonia im. M. Kar\u0142owicza w Szczecinie &#8211; Big Band with Tomasz Licak &#038; Radek Wo\u015bko 22.11. Novum Jazz Festival, \u0141om\u017ca &#8211; Kuba W\u00f3jcik Trio (feat. Andrzej \u015awi\u0119s, Hubert Zemler) 04.12. Purana Qila Art Excibition \/ UNESCO, New Delhi &#8211; Kuba W\u00f3jcik Trio (feat. Rafa\u0142 R\u00f3\u017calski, Aditya Bhagavatula) 04.12. The Piano Man, New Delhi &#8211; Kuba W\u00f3jcik Trio (feat. Rafa\u0142 R\u00f3\u017calski, Aditya Bhagavatula) 05.12. The Piano Man, Safdarjung &#8211; Kuba W\u00f3jcik Trio (feat. Rafa\u0142 R\u00f3\u017calski, Aditya Bhagavatula) 06.12. The Piano Man, Gurugram &#8211; Kuba W\u00f3jcik Trio (feat. Rafa\u0142 R\u00f3\u017calski, Aditya Bhagavatula) 12.12. The Calcutta School of Music &#8211; Kuba W\u00f3jcik Trio (feat. Rafa\u0142 R\u00f3\u017calski, Aditya Bhagavatula) 13.12. Kolkata Jazz Festival &#8211; Kuba W\u00f3jcik Trio (feat. Rafa\u0142 R\u00f3\u017calski, Aditya Bhagavatula) 14.12. The Flying Goat Jazz Club, Goa &#8211; Kuba W\u00f3jcik Trio (feat. Rafa\u0142 R\u00f3\u017calski, Karan Chitra Deshmukh) 15.12. Serendipity Arts Festival, Panjim &#8211; Kuba W\u00f3jcik Trio (feat. Rafa\u0142 R\u00f3\u017calski, Karan Chitra Deshmukh) &#8212;&#8212;&#8212;&#8212;&#8212;&#8212;&#8212;&#8212;&#8212;&#8212;&#8212;&#8212;&#8212;&#8212;&#8212;&#8212;&#8212;&#8212;&#8212;&#8211;<\/p>\n","protected":false},"author":1,"featured_media":0,"parent":0,"menu_order":0,"comment_status":"closed","ping_status":"closed","template":"","meta":{"footnotes":""},"class_list":["post-62","page","type-page","status-publish","hentry"],"acf":[],"_links":{"self":[{"href":"https:\/\/kubawojcik.com\/en\/wp-json\/wp\/v2\/pages\/62","targetHints":{"allow":["GET"]}}],"collection":[{"href":"https:\/\/kubawojcik.com\/en\/wp-json\/wp\/v2\/pages"}],"about":[{"href":"https:\/\/kubawojcik.com\/en\/wp-json\/wp\/v2\/types\/page"}],"author":[{"embeddable":true,"href":"https:\/\/kubawojcik.com\/en\/wp-json\/wp\/v2\/users\/1"}],"replies":[{"embeddable":true,"href":"https:\/\/kubawojcik.com\/en\/wp-json\/wp\/v2\/comments?post=62"}],"version-history":[{"count":36,"href":"https:\/\/kubawojcik.com\/en\/wp-json\/wp\/v2\/pages\/62\/revisions"}],"predecessor-version":[{"id":472,"href":"https:\/\/kubawojcik.com\/en\/wp-json\/wp\/v2\/pages\/62\/revisions\/472"}],"wp:attachment":[{"href":"https:\/\/kubawojcik.com\/en\/wp-json\/wp\/v2\/media?parent=62"}],"curies":[{"name":"wp","href":"https:\/\/api.w.org\/{rel}","templated":true}]}}